{"id":853,"date":"2018-02-12T01:13:08","date_gmt":"2018-02-12T01:13:08","guid":{"rendered":"https:\/\/sk-businesspark.de\/?page_id=853"},"modified":"2024-06-11T15:44:49","modified_gmt":"2024-06-11T13:44:49","slug":"termin-anfragen","status":"publish","type":"page","link":"https:\/\/sk-businesspark.de\/en\/termin-anfragen\/","title":{"rendered":"BESICHTIGUNGSTERMIN VEREINBAREN"},"content":{"rendered":"<div class=\"wpb-content-wrapper\"><div class=\"vc_row wpb_row vc_row-fluid\">\n\t\t\t\t<div class=\"container\">\n\t\t\t\t\t<div class=\"wpb_column vc_column_container vc_col-sm-2\"><div class=\"vc_column-inner\"><div class=\"wpb_wrapper\"><\/div><\/div><\/div><div class=\"wpb_column vc_column_container vc_col-sm-8\"><div class=\"vc_column-inner\"><div class=\"wpb_wrapper\"><h3 style=\"font-size: 30px;text-align: left;font-family:Lato;font-weight:700;font-style:normal\" class=\"vc_custom_heading vc_do_custom_heading wpb_animate_when_almost_visible wpb_fadeIn fadeIn vc_custom_1715177176132\" >TERMIN ANFRAGEN<\/h3>\n\t<div class=\"wpb_text_column wpb_content_element wpb_animate_when_almost_visible wpb_fadeIn fadeIn vc_custom_1715177766788\" >\n\t\t<div class=\"wpb_wrapper\">\n\t\t\t<p style=\"text-align: left;\">Planen Sie Ihren Besuch im SK BusinessPark und entdecken Sie pers\u00f6nlich unsere vielf\u00e4ltigen B\u00fcro-, Produktions- und Logistikfl\u00e4chen. F\u00fcllen Sie einfach das untenstehende Formular aus, um einen Termin zu vereinbaren. Unser Team freut sich darauf, Sie willkommen zu hei\u00dfen und Ihnen die perfekte L\u00f6sung f\u00fcr Ihr Unternehmen zu zeigen.<\/p>\n\n\t\t<\/div>\n\t<\/div>\n<\/div><\/div><\/div><div class=\"wpb_column vc_column_container vc_col-sm-2\"><div class=\"vc_column-inner\"><div class=\"wpb_wrapper\"><\/div><\/div><\/div>\n\t\t\t\t<\/div>\n\t\t\t<\/div><div class=\"vc_row wpb_row vc_row-fluid\">\n\t\t\t\t<div class=\"container\">\n\t\t\t\t\t<div class=\"lato_7 wpb_column vc_column_container vc_col-sm-2\"><div class=\"vc_column-inner\"><div class=\"wpb_wrapper\"><\/div><\/div><\/div><div class=\"wpb_column vc_column_container vc_col-sm-8\"><div class=\"vc_column-inner\"><div class=\"wpb_wrapper\">\n<div class=\"wpcf7 no-js\" id=\"wpcf7-f858-o1\" lang=\"en-US\" dir=\"ltr\" data-wpcf7-id=\"858\">\n<div class=\"screen-reader-response\"><p role=\"status\" aria-live=\"polite\" aria-atomic=\"true\"><\/p> <ul><\/ul><\/div>\n<form action=\"\/en\/wp-json\/wp\/v2\/pages\/853#wpcf7-f858-o1\" method=\"post\" class=\"wpcf7-form init\" aria-label=\"Contact form\" novalidate=\"novalidate\" data-status=\"init\" data-trp-original-action=\"\/en\/wp-json\/wp\/v2\/pages\/853#wpcf7-f858-o1\">\n<fieldset class=\"hidden-fields-container\"><input type=\"hidden\" name=\"_wpcf7\" value=\"858\" \/><input type=\"hidden\" name=\"_wpcf7_version\" value=\"6.1.5\" \/><input type=\"hidden\" name=\"_wpcf7_locale\" value=\"en_US\" \/><input type=\"hidden\" name=\"_wpcf7_unit_tag\" value=\"wpcf7-f858-o1\" \/><input type=\"hidden\" name=\"_wpcf7_container_post\" value=\"0\" \/><input type=\"hidden\" name=\"_wpcf7_posted_data_hash\" value=\"\" \/><input type=\"hidden\" name=\"_wpcf7_recaptcha_response\" value=\"\" \/>\n<\/fieldset>\n<div class=\"row\">\n\t<div class=\"col-md-12\">\n\t\t<div class=\"row_ct\">\n\t\t\t<div class=\"row_il\">\n\t\t\t\t<p><span class=\"wpcf7-form-control-wrap\" data-name=\"text-980\"><input size=\"40\" maxlength=\"400\" class=\"wpcf7-form-control wpcf7-text wpcf7-validates-as-required\" aria-required=\"true\" aria-invalid=\"false\" placeholder=\"First name\" value=\"\" type=\"text\" name=\"text-980\" \/><\/span>\n\t\t\t\t<\/p>\n\t\t\t<\/div>\n\t\t\t<div class=\"row_il\">\n\t\t\t\t<p><span class=\"wpcf7-form-control-wrap\" data-name=\"text-981\"><input size=\"40\" maxlength=\"400\" class=\"wpcf7-form-control wpcf7-text wpcf7-validates-as-required\" aria-required=\"true\" aria-invalid=\"false\" placeholder=\"Last name\" value=\"\" type=\"text\" name=\"text-981\" \/><\/span>\n\t\t\t\t<\/p>\n\t\t\t<\/div>\n\t\t\t<div class=\"row_il\">\n\t\t\t\t<p><span class=\"wpcf7-form-control-wrap\" data-name=\"text-471\"><input size=\"40\" maxlength=\"400\" class=\"wpcf7-form-control wpcf7-text wpcf7-validates-as-required\" aria-required=\"true\" aria-invalid=\"false\" placeholder=\"Company\" value=\"\" type=\"text\" name=\"text-471\" \/><\/span>\n\t\t\t\t<\/p>\n\t\t\t<\/div>\n\t\t\t<div class=\"row_il\">\n\t\t\t\t<p><span class=\"wpcf7-form-control-wrap\" data-name=\"text-238\"><input size=\"40\" maxlength=\"400\" class=\"wpcf7-form-control wpcf7-text wpcf7-validates-as-required\" aria-required=\"true\" aria-invalid=\"false\" placeholder=\"Address\" value=\"\" type=\"text\" name=\"text-238\" \/><\/span>\n\t\t\t\t<\/p>\n\t\t\t<\/div>\n\t\t\t<div class=\"row_il\">\n\t\t\t\t<p><span class=\"wpcf7-form-control-wrap\" data-name=\"your-email\"><input size=\"40\" maxlength=\"400\" class=\"wpcf7-form-control wpcf7-email wpcf7-validates-as-required wpcf7-text wpcf7-validates-as-email\" aria-required=\"true\" aria-invalid=\"false\" placeholder=\"Email\" value=\"\" type=\"email\" name=\"your-email\" \/><\/span>\n\t\t\t\t<\/p>\n\t\t\t<\/div>\n\t\t\t<div class=\"row_il\">\n\t\t\t\t<p><span class=\"wpcf7-form-control-wrap\" data-name=\"tel-227\"><input size=\"40\" maxlength=\"400\" class=\"wpcf7-form-control wpcf7-tel wpcf7-validates-as-required wpcf7-text wpcf7-validates-as-tel\" aria-required=\"true\" aria-invalid=\"false\" placeholder=\"Phone no.\" value=\"\" type=\"tel\" name=\"tel-227\" \/><\/span>\n\t\t\t\t<\/p>\n\t\t\t<\/div>\n\t\t\t<div class=\"row_rl\">\n\t\t\t\t<p>I am interested in:<br \/>\n<span class=\"wpcf7-form-control-wrap\" data-name=\"checkbox-773\"><span class=\"wpcf7-form-control wpcf7-checkbox wpcf7-validates-as-required\"><span class=\"wpcf7-list-item first\"><label><input type=\"checkbox\" name=\"checkbox-773[]\" value=\"Fulfillment\" \/><span class=\"wpcf7-list-item-label\">Fulfillment<\/span><\/label><\/span><span class=\"wpcf7-list-item\"><label><input type=\"checkbox\" name=\"checkbox-773[]\" value=\"B\u00fcror\u00e4ume\" \/><span class=\"wpcf7-list-item-label\">Office space<\/span><\/label><\/span><span class=\"wpcf7-list-item\"><label><input type=\"checkbox\" name=\"checkbox-773[]\" value=\"Lagerfl\u00e4chen\" \/><span class=\"wpcf7-list-item-label\">Storage areas<\/span><\/label><\/span><span class=\"wpcf7-list-item\"><label><input type=\"checkbox\" name=\"checkbox-773[]\" value=\"Produktionsfl\u00e4chen\" \/><span class=\"wpcf7-list-item-label\">Production areas<\/span><\/label><\/span><span class=\"wpcf7-list-item last\"><label><input type=\"checkbox\" name=\"checkbox-773[]\" value=\"Sonstiges\" \/><span class=\"wpcf7-list-item-label\">Other<\/span><\/label><\/span><\/span><\/span>\n\t\t\t\t<\/p>\n\t\t\t<\/div>\n\t\t\t<div class=\"row_il\">\n\t\t\t\t<p><span class=\"wpcf7-form-control-wrap\" data-name=\"text-875\"><input size=\"40\" maxlength=\"400\" class=\"wpcf7-form-control wpcf7-text wpcf7-validates-as-required\" aria-required=\"true\" aria-invalid=\"false\" placeholder=\"Desired office\/storage space (m\u00b2)\" value=\"\" type=\"text\" name=\"text-875\" \/><\/span>\n\t\t\t\t<\/p>\n\t\t\t<\/div>\n\t\t\t<div class=\"row_rl\">\n\t\t\t\t<p><span class=\"wpcf7-form-control-wrap\" data-name=\"textarea-420\"><textarea cols=\"40\" rows=\"10\" maxlength=\"2000\" class=\"wpcf7-form-control wpcf7-textarea wpcf7-validates-as-required\" aria-required=\"true\" aria-invalid=\"false\" placeholder=\"Message\" name=\"textarea-420\"><\/textarea><\/span>\n\t\t\t\t<\/p>\n\t\t\t<\/div>\n\t\t\t<div class=\"row_il\">\n\t\t\t\t<p><input class=\"wpcf7-form-control wpcf7-submit has-spinner\" type=\"submit\" value=\"Send\" \/>'\n\t\t\t\t<\/p>\n\t\t\t<\/div>\n\t\t<\/div>\n\t<\/div>\n<\/div><div class=\"wpcf7-response-output\" aria-hidden=\"true\"><\/div>\n<input type=\"hidden\" name=\"trp-form-language\" value=\"en\"\/><\/form>\n<\/div>\n<\/div><\/div><\/div><div class=\"wpb_column vc_column_container vc_col-sm-2\"><div class=\"vc_column-inner\"><div class=\"wpb_wrapper\"><\/div><\/div><\/div>\n\t\t\t\t<\/div>\n\t\t\t<\/div><div class=\"vc_row wpb_row vc_row-fluid vc_custom_1517392916852 vc_row-has-fill\">\n\t\t\t\t<div class=\"container\">\n\t\t\t\t\t<div class=\"wpb_column vc_column_container vc_col-sm-7\"><div class=\"vc_column-inner\"><div class=\"wpb_wrapper\"><h4 style=\"font-size: 25px;color: #ffffff;line-height: 40px;text-align: center;font-family:Raleway;font-weight:400;font-style:normal\" class=\"vc_custom_heading vc_do_custom_heading\" >Bevorzugen Sie den direkten Kontakt? Rufen Sie uns einfach an! Wir helfen Ihnen gerne weiter und vereinbaren sofort einen Besichtigungstermin f\u00fcr Sie.<\/h4><\/div><\/div><\/div><div class=\"wpb_column vc_column_container vc_col-sm-5\"><div class=\"vc_column-inner\"><div class=\"wpb_wrapper\">\n\t<div class=\"wpb_text_column wpb_content_element vc_custom_1716409322753\" >\n\t\t<div class=\"wpb_wrapper\">\n\t\t\t<p><a class=\"phone_ct\" href=\"#\"><i class=\"lnr lnr-phone-handset\"><\/i>02433 9806560<\/a><\/p>\n\n\t\t<\/div>\n\t<\/div>\n<\/div><\/div><\/div>\n\t\t\t\t<\/div>\n\t\t\t<\/div>\n<\/div>","protected":false},"excerpt":{"rendered":"TERMIN ANFRAGEN Planen Sie Ihren Besuch im SK BusinessPark und entdecken Sie pers\u00f6nlich unsere vielf\u00e4ltigen B\u00fcro-, Produktions- und Logistikfl\u00e4chen. F\u00fcllen Sie einfach das untenstehende Formular aus, um einen Termin zu vereinbaren. Unser Team freut sich darauf, Sie willkommen zu hei\u00dfen und Ihnen die perfekte L\u00f6sung f\u00fcr Ihr Unternehmen zu zeigen. Ich interessiere mich f\u00fcr: FulfillmentB\u00fcror\u00e4umeLagerfl\u00e4chenProduktionsfl\u00e4chenSonstiges [...]","protected":false},"author":1,"featured_media":0,"parent":0,"menu_order":0,"comment_status":"closed","ping_status":"closed","template":"","meta":{"footnotes":""},"class_list":["post-853","page","type-page","status-publish","hentry"],"_links":{"self":[{"href":"https:\/\/sk-businesspark.de\/en\/wp-json\/wp\/v2\/pages\/853","targetHints":{"allow":["GET"]}}],"collection":[{"href":"https:\/\/sk-businesspark.de\/en\/wp-json\/wp\/v2\/pages"}],"about":[{"href":"https:\/\/sk-businesspark.de\/en\/wp-json\/wp\/v2\/types\/page"}],"author":[{"embeddable":true,"href":"https:\/\/sk-businesspark.de\/en\/wp-json\/wp\/v2\/users\/1"}],"replies":[{"embeddable":true,"href":"https:\/\/sk-businesspark.de\/en\/wp-json\/wp\/v2\/comments?post=853"}],"version-history":[{"count":12,"href":"https:\/\/sk-businesspark.de\/en\/wp-json\/wp\/v2\/pages\/853\/revisions"}],"predecessor-version":[{"id":1836,"href":"https:\/\/sk-businesspark.de\/en\/wp-json\/wp\/v2\/pages\/853\/revisions\/1836"}],"wp:attachment":[{"href":"https:\/\/sk-businesspark.de\/en\/wp-json\/wp\/v2\/media?parent=853"}],"curies":[{"name":"wp","href":"https:\/\/api.w.org\/{rel}","templated":true}]}}